{"id":3,"date":"2018-11-09T22:16:03","date_gmt":"2018-11-09T19:16:03","guid":{"rendered":"http:\/\/essencenaturalhayat.com\/?page_id=3"},"modified":"2025-10-31T11:42:32","modified_gmt":"2025-10-31T08:42:32","slug":"gizlilik-politikasi","status":"publish","type":"page","link":"https:\/\/fwyazilim.com.tr\/esse\/gizlilik-politikasi\/","title":{"rendered":"G\u00fcvenlik ve Gizlilik"},"content":{"rendered":"\n<div class=\"container section-title-container\" ><h3 class=\"section-title section-title-bold-center\"><b><\/b><span class=\"section-title-main\" >G\u00dcVENL\u0130K ve G\u0130ZL\u0130L\u0130K POL\u0130T\u0130KASI<\/span><b><\/b><\/h3><\/div>\n\n<p><strong>Gizlilik Politikas\u0131<\/strong><\/p>\n<p><em>Son g\u00fcncellenme: <strong>10\/10\/2025<\/strong><\/em><\/p>\n<p>G\u00fcvenli\u011finiz bizim i\u00e7in \u00f6nemli. Bu sebeple bizimle payla\u015faca\u011f\u0131n\u0131z ki\u015fisel verileriz hassasiyetle korunmaktad\u0131r.<\/p>\n<p>Biz, B\u0130LGE A\u011eA\u00c7 DI\u015e T\u0130CARET ANON\u0130M \u015e\u0130RKET\u0130, veri sorumlusu olarak, bu\u00a0<a href=\"https:\/\/badecanlar.com\/pages\/gizlilik-politikasi\">gizlilik ve ki\u015fisel verilerin korunmas\u0131 politikas\u0131<\/a>\u00a0ile, hangi ki\u015fisel verilerinizin hangi ama\u00e7la i\u015flenece\u011fi, i\u015flenen verilerin kimlerle ve neden payla\u015f\u0131labilece\u011fi, veri i\u015fleme y\u00f6ntemimiz ve hukuki sebeplerimiz ile; i\u015flenen verilerinize ili\u015fkin haklar\u0131n\u0131z\u0131n neler oldu\u011fu hususunda sizleri ayd\u0131nlatmay\u0131 ama\u00e7l\u0131yoruz.<\/p>\n<p>Toplanan Ki\u015fisel Verileriniz, \u00a0Toplanma Y\u00f6ntemi ve Hukuki Sebebi<br \/>IP adresiniz ve kullan\u0131c\u0131 arac\u0131s\u0131 bilgileriniz, sadece analiz yapmak amac\u0131yla ve \u00e7erezler (cookies) vb.\u00a0 teknolojiler vas\u0131tas\u0131yla, otomatik veya otomatik olmayan y\u00f6ntemlerle ve bazen de analitik sa\u011flay\u0131c\u0131lar, reklam a\u011flar\u0131, arama bilgi sa\u011flay\u0131c\u0131lar\u0131, teknoloji sa\u011flay\u0131c\u0131lar\u0131 gibi \u00fc\u00e7\u00fcnc\u00fc taraflardan elde edilerek, kaydedilerek, depolanarak ve g\u00fcncellenerek, aram\u0131zdaki hizmet ve s\u00f6zle\u015fme ili\u015fkisi \u00e7er\u00e7evesinde ve s\u00fcresince, me\u015fru menfaat i\u015fleme \u015fart\u0131na dayan\u0131larak i\u015flenecektir.<\/p>\n<p><strong>Ki\u015fisel Verilerinizin \u0130\u015flenme Amac\u0131<\/strong><\/p>\n<p>Bizimle payla\u015ft\u0131\u011f\u0131n\u0131z ki\u015fisel verileriniz sadece analiz yapmak suretiyle; sundu\u011fumuz hizmetlerin gerekliliklerini en iyi \u015fekilde yerine getirebilmek, bu hizmetlere sizin taraf\u0131n\u0131zdan ula\u015f\u0131labilmesini ve maksimum d\u00fczeyde faydalan\u0131labilmesini sa\u011flamak, hizmetlerimizi, ihtiya\u00e7lar\u0131n\u0131z do\u011frultusunda geli\u015ftirebilmek ve sizleri daha geni\u015f kapsaml\u0131 hizmet sa\u011flay\u0131c\u0131lar\u0131 ile yasal \u00e7er\u00e7eveler i\u00e7erisinde bulu\u015fturabilmek ve kanundan do\u011fan zorunluluklar\u0131n ( ki\u015fisel verilerin talep halinde adli ve idari makamlarla payla\u015f\u0131lmas\u0131) yerine getirilebilmesi amac\u0131yla, s\u00f6zle\u015fme ve hizmet s\u00fcresince, amac\u0131na uygun ve \u00f6l\u00e7\u00fcl\u00fc bir \u015fekilde i\u015flenecek ve g\u00fcncellenecektir.<br \/>Toplanan Ki\u015fisel Verilerin Kimlere ve Hangi Ama\u00e7larla Aktar\u0131labilece\u011fi<br \/>Bizimle payla\u015ft\u0131\u011f\u0131n\u0131z ki\u015fisel verileriniz; \u00a0faaliyetlerimizi y\u00fcr\u00fctmek \u00fczere hizmet ald\u0131\u011f\u0131m\u0131z ve\/veya verdi\u011fimiz, s\u00f6zle\u015fmesel ili\u015fki i\u00e7erisinde bulundu\u011fumuz, i\u015f birli\u011fi yapt\u0131\u011f\u0131m\u0131z, yurt i\u00e7i ve yurt d\u0131\u015f\u0131ndaki 3. \u015fah\u0131slar ile kurum ve kurulu\u015flara ve talep halinde adli ve idari makamlara, gerekli teknik ve idari \u00f6nlemler al\u0131nmas\u0131 ko\u015fulu ile aktar\u0131labilecektir.<\/p>\n<p><strong>Ki\u015fisel Verileri \u0130\u015flenen Ki\u015fi Olarak Haklar\u0131n\u0131z<\/strong><\/p>\n<p>KVKK madde 11 uyar\u0131nca herkes, veri sorumlusuna ba\u015fvurarak a\u015fa\u011f\u0131daki haklar\u0131n\u0131 kullanabilir:<\/p>\n<p>* Ki\u015fisel veri i\u015flenip i\u015flenmedi\u011fini \u00f6\u011frenme,<br \/>* Ki\u015fisel verileri i\u015flenmi\u015fse buna ili\u015fkin bilgi talep etme,<br \/>* Ki\u015fisel verilerin i\u015flenme amac\u0131n\u0131 ve bunlar\u0131n amac\u0131na uygun kullan\u0131l\u0131p kullan\u0131lmad\u0131\u011f\u0131n\u0131 \u00f6\u011frenme,<br \/>* Yurt i\u00e7inde veya yurt d\u0131\u015f\u0131nda ki\u015fisel verilerin aktar\u0131ld\u0131\u011f\u0131 \u00fc\u00e7\u00fcnc\u00fc ki\u015fileri bilme,<br \/>* Ki\u015fisel verilerin eksik veya yanl\u0131\u015f i\u015flenmi\u015f olmas\u0131 h\u00e2linde bunlar\u0131n d\u00fczeltilmesini isteme,<br \/>* Ki\u015fisel verilerin silinmesini veya yok edilmesini isteme,<br \/>* (e) ve (f) bentleri uyar\u0131nca yap\u0131lan i\u015flemlerin, ki\u015fisel verilerin aktar\u0131ld\u0131\u011f\u0131 \u00fc\u00e7\u00fcnc\u00fc ki\u015filere bildirilmesini isteme,<br \/>* \u0130\u015flenen verilerin m\u00fcnhas\u0131ran otomatik sistemler vas\u0131tas\u0131yla analiz edilmesi suretiyle ki\u015finin kendisi aleyhine bir sonucun ortaya \u00e7\u0131kmas\u0131na itiraz etme,<br \/>* Ki\u015fisel verilerin kanuna ayk\u0131r\u0131 olarak i\u015flenmesi sebebiyle zarara u\u011framas\u0131 h\u00e2linde zarar\u0131n giderilmesini talep etme, haklar\u0131na sahiptir.<br \/>Yukar\u0131da say\u0131lan haklar\u0131n\u0131z\u0131 kullanmak \u00fczere\u00a0info@essencenaturalhayat.com.tr\u00a0\u00fczerinden bizimle ileti\u015fime ge\u00e7ebilirsiniz.<\/p>\n<p><strong>\u0130leti\u015fim<\/strong><\/p>\n<p>Sizlere hizmet sunabilmek ama\u00e7l\u0131 analizler yapabilmek i\u00e7in, sadece gerekli olan ki\u015fisel verilerinizin, i\u015fbu gizlilik ve ki\u015fisel verilerin i\u015flenmesi politikas\u0131 uyar\u0131nca i\u015flenmesini, kabul edip etmemek hususunda tamamen \u00f6zg\u00fcrs\u00fcn\u00fcz. Siteyi kullanmaya devam etti\u011finiz takdirde kabul etmi\u015f oldu\u011funuz taraf\u0131m\u0131zca varsay\u0131lacak olup, daha ayr\u0131nt\u0131l\u0131 bilgi i\u00e7in bizimle\u00a0info@essencenaturalhayat\u00a0e-mail adresi \u00fczerinden ileti\u015fime ge\u00e7mekten l\u00fctfen \u00e7ekinmeyiniz.<\/p>\n<p><strong>G\u00fcvenlik Politikas\u0131<\/strong><\/p>\n<p><em>Son g\u00fcncellenme: 10\/10\/2025<\/em><\/p>\n<p>Essencenaturalhayat.com.tr kredi kart\u0131 al\u0131\u015fveri\u015flerinizi g\u00fcvenle ger\u00e7ekle\u015ftirebilmeniz i\u00e7in y\u00fcksek g\u00fcvenlik standartlar\u0131n\u0131 kullan\u0131r ve 256 bit SSL \u015fifreleme sistemi ile korunmaktad\u0131r. Ki\u015fisel bilgilerinizi girdi\u011finiz her sayfada taray\u0131c\u0131n\u0131z\u0131n alt\u0131nda bir anahtar bulunur. Bu anahtar, taray\u0131c\u0131n\u0131z arac\u0131l\u0131\u011f\u0131yla g\u00f6nderdi\u011finiz bilgilerin \u00fc\u00e7\u00fcnc\u00fc \u015fah\u0131slara kar\u015f\u0131 korunaca\u011f\u0131n\u0131n g\u00fcvencesidir.\u00a0Ayr\u0131ca essencenaturalhayat.com.tr \u00fczerinden yapaca\u011f\u0131n\u0131z t\u00fcm al\u0131\u015fveri\u015flerde y\u00fcksek g\u00fcvenlik standartlar\u0131 ge\u00e7erlidir. 3D Secure\u00a0servisleri sayesinde g\u00fcvenli\u011finizi riske atmadan sitemizde g\u00fcvenli al\u0131\u015fveri\u015f yapabilirsiniz.<\/p>\n<p>Sitemize kaydetmi\u015f oldu\u011funuz ki\u015fisel bilgilerinizin g\u00fcvenli\u011fi bizler i\u00e7in \u00e7ok \u00f6nemlidir. www.essencenaturalhayat.com.tr\u2019den al\u0131\u015fveri\u015f yaparken kulland\u0131\u011f\u0131n\u0131z ki\u015fisel bilgiler (Teslimat\/Fatura adresleri, telefon numaralar\u0131, e-mail adresi vs.) \u00fc\u00e7\u00fcnc\u00fc \u015fah\u0131slar ve ba\u015fka kurum\/ kurulu\u015flar taraf\u0131ndan g\u00f6r\u00fclemez ve ba\u015fkalar\u0131yla payla\u015f\u0131lmaz. Kredi kart\u0131 bilgileriniz hi\u00e7bir \u015fekilde sistemimizde saklanmamaktad\u0131r. Payla\u015ft\u0131\u011f\u0131n\u0131z \u00fcyelik bilgileriniz sipari\u015f esnas\u0131nda, kolay ve h\u0131zl\u0131 giri\u015f yapman\u0131z\u0131, ge\u00e7mi\u015f sipari\u015flerinizi g\u00f6rmenizi sa\u011flayacak olan bilgilerden olu\u015fur ve bu ama\u00e7la saklan\u0131r.<\/p>\n<p>\u00dcyelik esnas\u0131nda bizimle payla\u015ft\u0131\u011f\u0131n\u0131z cep telefonu ve e-posta adreslerinizi, sipari\u015flerinizin ve kargo bilgilerinizin size h\u0131zl\u0131 ve g\u00fcvenli bir \u015fekilde ula\u015fmas\u0131n\u0131 sa\u011flamak i\u00e7in kullanmaktay\u0131z. Bu bilgilerin do\u011fru ve eksiksiz olmas\u0131 al\u0131c\u0131n\u0131n sorumlulu\u011fundad\u0131r ve bundan kaynakl\u0131 sorunlarla ilgili\u00a0B\u0130LGE A\u011eA\u00c7 DI\u015e T\u0130CARET ANON\u0130M \u015e\u0130RKET\u0130 sorumlu tutulamaz.<\/p>\n<p>\u00dcye olurken sisteme girdi\u011finiz t\u00fcm bilgilere, firmam\u0131z haricinde, sadece siz ula\u015fabilir ve siz de\u011fi\u015ftirebilirsiniz. \u00dcye giri\u015f bilgilerinizi g\u00fcvenli korudu\u011funuz takdirde ba\u015fkalar\u0131n\u0131n sizinle ilgili bilgilere ula\u015fmas\u0131 ve bunlar\u0131 de\u011fi\u015ftirmesi m\u00fcmk\u00fcn de\u011fildir.\u00a0<\/p>\n<p>\u00c7erez Politikas\u0131<\/p>\n<p><em>Son g\u00fcncellenme: 10\/10\/2025<\/em><\/p>\n<p>Biz, essencenaturalhayat.com.tr olarak g\u00fcvenli\u011finize \u00f6nem veriyor ve bu \u00c7erez Politikas\u0131 ile siz sevgili ziyaret\u00e7ilerimizi, web sitemizde hangi \u00e7erezleri, hangi ama\u00e7la kulland\u0131\u011f\u0131m\u0131z ve \u00e7erez ayarlar\u0131n\u0131z\u0131 nas\u0131l de\u011fi\u015ftirece\u011finiz konular\u0131nda k\u0131saca bilgilendirmeyi hedefliyoruz. Sizlere daha iyi hizmet verebilmek ad\u0131na, \u00e7erezler vas\u0131tas\u0131yla, ne t\u00fcr ki\u015fisel verilerinizin hangi ama\u00e7la topland\u0131\u011f\u0131 ve nas\u0131l i\u015flendi\u011fi konular\u0131nda, k\u0131saca bilgi sahibi olmak i\u00e7in l\u00fctfen bu \u00c7erez Politikas\u0131n\u0131 okuyunuz. Daha fazla bilgi i\u00e7in Gizlilik Politikam\u0131za g\u00f6z atabilir ya da bizlerle \u00e7ekinmeden ileti\u015fime ge\u00e7ebilirsiniz.<\/p>\n<p><strong>\u00c7erez Nedir?<\/strong><\/p>\n<p>\u00c7erezler, kullan\u0131c\u0131lar\u0131n web sitelerini daha verimli bir \u015fekilde kullanabilmeleri ad\u0131na, cihazlar\u0131na kaydedilen k\u00fc\u00e7\u00fck dosyac\u0131klard\u0131r. \u00c7erezler vas\u0131tas\u0131yla kullan\u0131c\u0131lar\u0131n bilgilerinin i\u015fleniyor olmas\u0131 sebebiyle, 6698 say\u0131l\u0131\u00a0Ki\u015fisel Verilerin Korunmas\u0131 Kanunu\u00a0gere\u011fince, kullan\u0131c\u0131lar\u0131n bilgilendirilmeleri ve onaylar\u0131n\u0131n al\u0131nmas\u0131 gerekmektedir.<\/p>\n<p>Bizler de siz sevgili ziyaret\u00e7ilerimizin, web sitemizden en verimli \u015fekilde yararlanabilmelerini ve siz sevgili ziyaret\u00e7ilerimizin kullan\u0131c\u0131 deneyimlerinin geli\u015ftirilebilmesini sa\u011flamak ad\u0131na, \u00e7e\u015fitli \u00e7erezler kullanmaktay\u0131z.<\/p>\n<ol>\n<li><strong> Zorunlu \u00c7erezler<\/strong><\/li>\n<\/ol>\n<p>Zorunlu \u00e7erezler, web sitesine ili\u015fkin temel i\u015flevleri etkinle\u015ftirerek web sitesinin kullan\u0131labilir hale gelmesini sa\u011flayan \u00e7erezlerdir. Web sitesi bu \u00e7erezler olmadan d\u00fczg\u00fcn \u00e7al\u0131\u015fmaz.<\/p>\n<ol start=\"2\">\n<li><strong> Performans \u00c7erezleri<\/strong><\/li>\n<\/ol>\n<p>Performans \u00e7erezleri, ziyaret\u00e7ilerin web sitesine ili\u015fkin kullan\u0131m bilgilerini ve tercihlerini anonim olarak toplayan ve bu sayede web sitesinin performans\u0131n\u0131n geli\u015ftirilmesine olanak sa\u011flayan \u00e7erezlerdir.<\/p>\n<ol start=\"3\">\n<li><strong> Fonksiyonel \u00c7erezler<\/strong><\/li>\n<\/ol>\n<p>Fonksiyonel \u00e7erezler, kullan\u0131c\u0131lar\u0131n web sitesine ili\u015fkin ge\u00e7mi\u015f kullan\u0131mlar\u0131ndan yola \u00e7\u0131k\u0131larak gelecekteki ziyaretlerinde tan\u0131nmalar\u0131n\u0131 ve hat\u0131rlanmalar\u0131n\u0131 sa\u011flayan ve bu sayede web sitelerinin kullan\u0131c\u0131lara dil, b\u00f6lge vb. gibi ki\u015fiselle\u015ftirilmi\u015f bir hizmet sunmas\u0131na olanak tan\u0131yan \u00e7erezlerdir.<\/p>\n<ol start=\"4\">\n<li><strong> Reklam \u00c7erezleri<\/strong><\/li>\n<\/ol>\n<p>Reklam \u00e7erezleri, \u00fc\u00e7\u00fcnc\u00fc taraflara ait \u00e7erezlerdir ve web sitelerinde ziyaret\u00e7ilerin davran\u0131\u015flar\u0131n\u0131 izlemek i\u00e7in kullan\u0131l\u0131rlar. Bu \u00e7erezlerin ama\u00e7lar\u0131, ziyaret\u00e7ilerin ihtiya\u00e7lar\u0131na y\u00f6nelik ilgilerini \u00e7ekecek reklamlar\u0131n g\u00f6sterilmesine yard\u0131mc\u0131 olmakt\u0131r ve sorumlulu\u011fu \u00e7erez sahibi \u00fc\u00e7\u00fcnc\u00fc taraflara aittir.<\/p>\n<p><strong>\u00c7erezler \u0130le \u0130\u015flenen Ki\u015fisel Veriler Nelerdir?<\/strong><\/p>\n<p>Kimlik (isim, soy isim, do\u011fum tarihi vb.) ve ileti\u015fim (adres, e-posta adresi, telefon, IP, konum vb.) bilgileriniz taraf\u0131m\u0131zca, \u00e7erezler (cookies) vas\u0131tas\u0131yla, otomatik veya otomatik olmayan y\u00f6ntemlerle ve bazen de analitik sa\u011flay\u0131c\u0131lar, reklam a\u011flar\u0131, arama bilgi sa\u011flay\u0131c\u0131lar\u0131, teknoloji sa\u011flay\u0131c\u0131lar\u0131 gibi \u00fc\u00e7\u00fcnc\u00fc taraflardan elde edilerek, kaydedilerek, depolanarak ve g\u00fcncellenerek, aram\u0131zdaki hizmet ve s\u00f6zle\u015fme ili\u015fkisi \u00e7er\u00e7evesinde ve s\u00fcresince, me\u015fru menfaat i\u015fleme \u015fart\u0131na dayan\u0131larak i\u015flenecektir.<\/p>\n<p><strong>\u00c7erezler Hangi Ama\u00e7la Kullan\u0131lmaktad\u0131r?<\/strong><\/p>\n<p>Web sitemizde, \u015f\u00fcpheli eylemlerin tespiti yoluyla g\u00fcvenli\u011fin sa\u011flanmas\u0131, kullan\u0131c\u0131lar\u0131n tercihleri do\u011frultusunda i\u015flevsellik ve performans\u0131n art\u0131r\u0131lmas\u0131, \u00fcr\u00fcnlerin ve hizmetlerin geli\u015ftirilmesi ve ki\u015fiselle\u015ftirilmesi ile bu hizmetlere ula\u015f\u0131m\u0131n kolayla\u015ft\u0131r\u0131lmas\u0131, s\u00f6zle\u015fmesel ve hukuki sorumluluklar\u0131n yerine getirilmesi ama\u00e7l\u0131 \u00e7erezler kullanmaktad\u0131r. Ayr\u0131ca kullan\u0131c\u0131lar\u0131n daha geni\u015f kapsaml\u0131 hizmet sa\u011flay\u0131c\u0131lar ile bulu\u015fturulabilmesi amac\u0131yla reklam \u00e7erezleri ve \u00fc\u00e7\u00fcnc\u00fc taraflarla bilgi payla\u015f\u0131m\u0131 da s\u00f6z konusudur.<\/p>\n<p><strong>\u00c7erezler Nas\u0131l Y\u00f6netilmektedir?<\/strong><\/p>\n<p>T\u00fcm bu a\u00e7\u0131klamalardan sonra, hangi \u00e7erezlerin kullan\u0131laca\u011f\u0131 konusu, tamamen kullan\u0131c\u0131lar\u0131m\u0131z\u0131n \u00f6zg\u00fcr iradelerine b\u0131rak\u0131lm\u0131\u015ft\u0131r. \u00c7erez tercihlerinizi, taray\u0131c\u0131n\u0131z\u0131n ayarlar\u0131ndan silerek ya da engelleyerek, web sitemize ad\u0131m att\u0131\u011f\u0131n\u0131z anda y\u00f6netebilir ya da gelecekte, istedi\u011finiz zaman bu ayarlar\u0131 de\u011fi\u015ftirebilirsiniz veya Modern uyum i\u00e7in bir \u201c\u00c7erez tercih paneli\u201d veya \u201ca\u00e7\u0131k r\u0131za kutusu\u201d (cookie consent banner) \u00f6neririz. Daha ayr\u0131nt\u0131l\u0131 bilgi i\u00e7in Gizlilik Politikam\u0131za g\u00f6z atabilir ya da bizlerle\u00a0info@essencenaturalhayat.com.tr\u00a0e-posta adresi \u00fczerinden ileti\u015fime ge\u00e7ebilirsiniz.<\/p>\n<p>\u00a0<\/p>\n\n","protected":false},"excerpt":{"rendered":"","protected":false},"author":1,"featured_media":0,"parent":0,"menu_order":0,"comment_status":"closed","ping_status":"open","template":"","meta":{"footnotes":""},"class_list":["post-3","page","type-page","status-publish","hentry"],"jetpack_sharing_enabled":true,"_links":{"self":[{"href":"https:\/\/fwyazilim.com.tr\/esse\/wp-json\/wp\/v2\/pages\/3","targetHints":{"allow":["GET"]}}],"collection":[{"href":"https:\/\/fwyazilim.com.tr\/esse\/wp-json\/wp\/v2\/pages"}],"about":[{"href":"https:\/\/fwyazilim.com.tr\/esse\/wp-json\/wp\/v2\/types\/page"}],"author":[{"embeddable":true,"href":"https:\/\/fwyazilim.com.tr\/esse\/wp-json\/wp\/v2\/users\/1"}],"replies":[{"embeddable":true,"href":"https:\/\/fwyazilim.com.tr\/esse\/wp-json\/wp\/v2\/comments?post=3"}],"version-history":[{"count":3,"href":"https:\/\/fwyazilim.com.tr\/esse\/wp-json\/wp\/v2\/pages\/3\/revisions"}],"predecessor-version":[{"id":79421,"href":"https:\/\/fwyazilim.com.tr\/esse\/wp-json\/wp\/v2\/pages\/3\/revisions\/79421"}],"wp:attachment":[{"href":"https:\/\/fwyazilim.com.tr\/esse\/wp-json\/wp\/v2\/media?parent=3"}],"curies":[{"name":"wp","href":"https:\/\/api.w.org\/{rel}","templated":true}]}}