{"id":79407,"date":"2025-10-31T11:20:35","date_gmt":"2025-10-31T08:20:35","guid":{"rendered":"https:\/\/fwyazilim.com.tr\/esse\/?page_id=79407"},"modified":"2025-11-03T15:12:20","modified_gmt":"2025-11-03T12:12:20","slug":"iptal-ve-iade-politikasi","status":"publish","type":"page","link":"https:\/\/fwyazilim.com.tr\/esse\/iptal-ve-iade-politikasi\/","title":{"rendered":"\u0130ptal ve \u0130ade Politikas\u0131"},"content":{"rendered":"<div class=\"container section-title-container\" ><h3 class=\"section-title section-title-bold-center\"><b><\/b><span class=\"section-title-main\" style=\"color:rgb(0, 69, 79);\">\u0130ptal ve \u0130ade Politikas\u0131<\/span><b><\/b><\/h3><\/div>\n\n\n\n<p>\r\n<div class=\"container section-title-container\" ><h3 class=\"section-title section-title-bold-center\"><b><\/b><span class=\"section-title-main\" style=\"color:rgb(0, 69, 79);\">\u0130ptal ve \u0130ade Politikas\u0131<\/span><b><\/b><\/h3><\/div>\r\n<div class=\"row\"  id=\"row-1320888865\">\r\n\n\t<div id=\"col-1540132242\" class=\"col small-12 large-12\"  >\n\t\t\t\t<div class=\"col-inner\"  >\n\t\t\t\n\t\t\t\r\n<p><strong>Para iade politikas\u0131<\/strong><\/p>\r\n<p><strong>\u0130ptal Ko\u015fullar\u0131<\/strong><br \/>Sipari\u015finizi tamamen iptal etmek i\u00e7in 0850 532 64 88 numaral\u0131 hatt\u0131m\u0131zdan bizimle ileti\u015fime ge\u00e7meniz veya info@essencenaturalhayat.com.tr adresine e-posta g\u00f6ndermeniz gerekmektedir.<\/p>\r\n<p>Sipari\u015finizin tamam\u0131 veya bir k\u0131sm\u0131n\u0131n stok eksikli\u011fi ve benzeri ko\u015fullar nedeniyle firmam\u0131z taraf\u0131ndan kar\u015f\u0131lanamad\u0131\u011f\u0131 durumlarda sizi bilgilendiriyor ve \u00f6demenizi en k\u0131sa s\u00fcrede iade ediyoruz.<\/p>\r\n<p>Sipari\u015finiz kargoya teslim edildikten sonraki iadeleriniz i\u00e7in CAYMA HAKKI\u2019n\u0131z\u0131, a\u015fa\u011f\u0131da belirtilen \u0130ADE KO\u015eULLARI \u00e7er\u00e7evesinde kullanabilirsiniz.<br \/>\u0130nternet sitemizden verdi\u011finiz sipari\u015flerde teslimat size ula\u015ft\u0131ktan sonra 7 (yedi) i\u015f g\u00fcn\u00fc i\u00e7erisinde de\u011fi\u015fim veya iade talebinde bulunabilirsiniz. \u00dcr\u00fcn a\u00e7\u0131lmam\u0131\u015f ve tekrar sat\u0131\u015fa mani olmayacak halde olmal\u0131d\u0131r. \u0130ade ve de\u011fi\u015fimlerde kargo bedeli al\u0131c\u0131ya aittir. (Yurti\u00e7i Kargo ) Anla\u015fmal\u0131 oldu\u011fumuz kargo \u015firketi ile indirimli g\u00f6ndermek i\u00e7in bizden iade kodu alabilirsiniz. Di\u011fer kargo \u015firketleri ile kargo g\u00f6nderilmesi durumunda kabul edilmeyecektir. Elimize ula\u015fan \u00fcr\u00fcnler, kontrol edilip onayland\u0131ktan sonra sizinle tekrar ileti\u015fime ge\u00e7ece\u011fiz.<\/p>\r\n<p><strong>\u0130ade Ko\u015fullar\u0131<\/strong><\/p>\r\n<p>\u0130ki farkl\u0131\u00a0iade ko\u015fulu\u00a0bulunmaktad\u0131r:\u00a0<strong>AYIPLI MAL<\/strong>\u00a0<strong>veya\u00a0CAYMA HAKKI<\/strong>.<br \/><br \/>1. Ay\u0131pl\u0131 mal, t\u00fcketiciye teslimi an\u0131nda taraflarca kararla\u015ft\u0131r\u0131lm\u0131\u015f olan \u00f6rnek ya da modele uygun olmamas\u0131 ya da objektif olarak sahip olmas\u0131 gereken \u00f6zellikleri ta\u015f\u0131mamas\u0131 nedeniyle s\u00f6zle\u015fmeye ayk\u0131r\u0131 olan mald\u0131r. Ticaret kanununda belirtilen\u00a0ilgili kanun uyar\u0131nca\u00a0ay\u0131pl\u0131 mal; \u2018\u2019Etiketinde, ambalaj\u0131nda, reklam\u0131nda bildirilenlere uyulmayan, standard\u0131nda veya teknik d\u00fczenlemesinde hata ve eksik olan; t\u00fcketicinin bekledi\u011fi faydalar\u0131 azaltan veya ortadan kald\u0131ran, her t\u00fcrl\u00fc maddi, ekonomik ve hukuki eksiklikleri i\u00e7eren mal\u2019\u2019d\u0131r.<br \/><br \/>Sat\u0131n ald\u0131\u011f\u0131n\u0131z \u00fcr\u00fcn\/\u00fcr\u00fcnlerin Ay\u0131pl\u0131 Mal oldu\u011funu d\u00fc\u015f\u00fcn\u00fcyor iseniz, kargodan teslim ald\u0131\u011f\u0131n\u0131z g\u00fcnden itibaren bir hafta (7 g\u00fcn) i\u00e7erisinde 0850 532 64 88 numaral\u0131 \u00a0hatt\u0131m\u0131zdan veya info@essencenaturalhayat.com.tr \u00fczerinden bizimle ileti\u015fime ge\u00e7erek hasarl\u0131 \u00fcr\u00fcn\/\u00fcr\u00fcnler i\u00e7in \u00f6denen bedelin iadesini, hasar dolay\u0131s\u0131yla bedel kayb\u0131 oran\u0131nda bir sonraki sipari\u015finizde indirim uygulanmas\u0131n\u0131 veya yeni \u00fcr\u00fcn g\u00f6nderimi talep edebilirsiniz. Bu kapsamda bize geri g\u00f6nderece\u011finiz \u00fcr\u00fcnler i\u00e7in olu\u015facak kargo ve benzeri masraflar taraf\u0131m\u0131za aittir. Bir hafta (7 g\u00fcn) sonras\u0131ndaki Ay\u0131pl\u0131 Mal iade talepleri dikkate al\u0131nmaz.<br \/><br \/>2. Sat\u0131n al\u0131nan \u00fcr\u00fcnlerin &#8220;Cayma Hakk\u0131&#8221; dahilinde iade al\u0131nabilmesi i\u00e7in sat\u0131n al\u0131nan \u00fcr\u00fcn\u00fcn orijinal paketinde veya kutusunda, i\u00e7erisinde ve d\u0131\u015far\u0131s\u0131nda bulunan ambalajlara zarar verilmemi\u015f olmas\u0131, faturas\u0131n\u0131n ve t\u00fcm aksesuarlar\u0131n\u0131n \u00fcr\u00fcn ile birlikte hasars\u0131z ve eksiksiz olarak taraf\u0131m\u0131za bir hafta (7 g\u00fcn) i\u00e7erisinde g\u00f6nderilmesi gerekmektedir. Cayma Hakk\u0131\u2019n\u0131n kullan\u0131m\u0131ndan kaynakl\u0131 kargo ve benzeri masraflar ALICI\u2019ya aittir.<\/p>\r\n<p>Cayma Hakk\u0131 kullan\u0131larak iade edilmek istenen kozmetik \u00fcr\u00fcnlerimizin i\u00e7 ambalaj\u0131n\u0131n a\u00e7\u0131lmam\u0131\u015f oldu\u011funun garantisi, \u00fcr\u00fcnlerin d\u0131\u015f\u0131na sard\u0131\u011f\u0131m\u0131z karton ambalajlar\u0131n dahi a\u00e7\u0131lmam\u0131\u015f ve bozulmam\u0131\u015f \u015fekilde taraf\u0131m\u0131za ula\u015fmas\u0131d\u0131r. Aksi halde kapaklar\u0131 a\u00e7\u0131l\u0131p koklanm\u0131\u015f veya denenmi\u015f olabileceklerinden \u00f6t\u00fcr\u00fc, hijyen ko\u015fullar\u0131 gere\u011fi Cayma Hakk\u0131 kullan\u0131lamaz. Cayma hakk\u0131 kullan\u0131lamayacak \u00fcr\u00fcnler \u015funlard\u0131r:<br \/><br \/>* Niteli\u011fi itibar\u0131yla iade edilemeyecek \u00fcr\u00fcnler,<br \/>* T\u00fcketicinin istekleri veya a\u00e7\u0131k\u00e7a onun ki\u015fisel ihtiya\u00e7lar\u0131 do\u011frultusunda haz\u0131rlanan \u00fcr\u00fcnler<br \/>* ALICI taraf\u0131ndan ambalaj\u0131 a\u00e7\u0131ld\u0131\u011f\u0131 takdirde iade edilmesi sa\u011fl\u0131k ve hijyen a\u00e7\u0131s\u0131ndan uygun olmayan \u00fcr\u00fcnler, teslim edildikten sonra ba\u015fka \u00fcr\u00fcnlerle kar\u0131\u015fan ve do\u011fas\u0131 gere\u011fi ayr\u0131\u015ft\u0131r\u0131lmas\u0131 m\u00fcmk\u00fcn olmayan \u00fcr\u00fcnler,<br \/>* Makyaj Malzemeleri<br \/>* Kozmetik ve ki\u015fisel bak\u0131m \u00fcr\u00fcnleri, i\u00e7 giyim \u00fcr\u00fcnleri, mayo, bikini gibi \u00fcr\u00fcnlerin iade edilebilmesi i\u00e7in\u00a0ambalajlar\u0131n\u0131n a\u00e7\u0131lmam\u0131\u015f, denenmemi\u015f, bozulmam\u0131\u015f ve kullan\u0131lmam\u0131\u015f olmalar\u0131 gerekir.<br \/><br \/>3. Sehven al\u0131nan \u00fcr\u00fcnde ve ambalaj\u0131nda herhangi bir a\u00e7\u0131lma, bozulma, k\u0131r\u0131lma, tahrip, y\u0131rt\u0131lma, kullan\u0131lma ve sair durumlar tespit edildi\u011fi hallerde ve \u00fcr\u00fcn\u00fcn al\u0131c\u0131ya teslim edildi\u011fi andaki hali ile iade edilmemesi durumunda \u00fcr\u00fcn iade al\u0131nmaz ve bedeli iade edilmez.<\/p>\r\n<p>\u00a0<\/p>\r\n\t\t<\/div>\n\t\t\t\t\t<\/div>\n\n\t\r\n<\/div>\n","protected":false},"excerpt":{"rendered":"","protected":false},"author":1,"featured_media":0,"parent":0,"menu_order":0,"comment_status":"closed","ping_status":"closed","template":"","meta":{"footnotes":""},"class_list":["post-79407","page","type-page","status-publish","hentry"],"jetpack_sharing_enabled":true,"_links":{"self":[{"href":"https:\/\/fwyazilim.com.tr\/esse\/wp-json\/wp\/v2\/pages\/79407","targetHints":{"allow":["GET"]}}],"collection":[{"href":"https:\/\/fwyazilim.com.tr\/esse\/wp-json\/wp\/v2\/pages"}],"about":[{"href":"https:\/\/fwyazilim.com.tr\/esse\/wp-json\/wp\/v2\/types\/page"}],"author":[{"embeddable":true,"href":"https:\/\/fwyazilim.com.tr\/esse\/wp-json\/wp\/v2\/users\/1"}],"replies":[{"embeddable":true,"href":"https:\/\/fwyazilim.com.tr\/esse\/wp-json\/wp\/v2\/comments?post=79407"}],"version-history":[{"count":3,"href":"https:\/\/fwyazilim.com.tr\/esse\/wp-json\/wp\/v2\/pages\/79407\/revisions"}],"predecessor-version":[{"id":79464,"href":"https:\/\/fwyazilim.com.tr\/esse\/wp-json\/wp\/v2\/pages\/79407\/revisions\/79464"}],"wp:attachment":[{"href":"https:\/\/fwyazilim.com.tr\/esse\/wp-json\/wp\/v2\/media?parent=79407"}],"curies":[{"name":"wp","href":"https:\/\/api.w.org\/{rel}","templated":true}]}}