{"id":395,"date":"2018-11-13T17:31:58","date_gmt":"2018-11-13T14:31:58","guid":{"rendered":"https:\/\/www.essencenaturalhayat.com\/?post_type=product&#038;p=395"},"modified":"2025-10-31T10:11:45","modified_gmt":"2025-10-31T07:11:45","slug":"kina-50-gr","status":"publish","type":"product","link":"https:\/\/fwyazilim.com.tr\/esse\/urun\/kina-50-gr\/","title":{"rendered":"KINA 50 GR"},"content":{"rendered":"<p><b>\u00d6ZELL\u0130KLER<\/b><\/p>\n<ul>\n<li style=\"font-weight: 400;\" aria-level=\"1\"><span style=\"font-weight: 400;\">K\u0131na k\u0131z\u0131l\u0131ms\u0131 turuncu pigmente sahiptir.<\/span><\/li>\n<li style=\"font-weight: 400;\" aria-level=\"1\"><span style=\"font-weight: 400;\">Sar\u0131-beyaz sa\u00e7lar\u0131; parlak, a\u00e7\u0131k bir portakal k\u0131z\u0131l\u0131 rengine boyarken, daha koyu sar\u0131 sa\u00e7\u0131 canl\u0131 k\u0131z\u0131la boyar. Kahverengi sa\u00e7larda, sa\u00e7\u0131n koyulu\u011funa g\u00f6re kestane rengine boyar veya k\u0131z\u0131l \u0131\u015f\u0131lt\u0131 verir. Renk ne kadar koyu ise k\u0131z\u0131l g\u00f6r\u00fcnt\u00fc o kadar azd\u0131r. \u00d6rne\u011fin sa\u00e7 siyah ise k\u0131z\u0131l yans\u0131ma hi\u00e7 g\u00f6r\u00fcnmez.<\/span><\/li>\n<li style=\"font-weight: 400;\" aria-level=\"1\"><span style=\"font-weight: 400;\">\u00d6zellikle beyaz sa\u00e7\u0131 kapatmada \u00e7ok ba\u015far\u0131l\u0131d\u0131r.<\/span><\/li>\n<li style=\"font-weight: 400;\" aria-level=\"1\"><span style=\"font-weight: 400;\">Birka\u00e7 uygulamadan sonra sa\u00e7\u0131n parlak, kal\u0131n ve yumu\u015fak olmas\u0131na yard\u0131mc\u0131 olur. Elektriklenmeyi \u00f6nler.<\/span><\/li>\n<li style=\"font-weight: 400;\" aria-level=\"1\"><span style=\"font-weight: 400;\">Cassia, k\u0131na, indigo ve amla;<\/span><\/li>\n<\/ul>\n<ol>\n<li style=\"font-weight: 400;\" aria-level=\"1\"><span style=\"font-weight: 400;\">Sa\u00e7\u0131n kendi do\u011fal rengine<\/span><\/li>\n<li style=\"font-weight: 400;\" aria-level=\"1\"><span style=\"font-weight: 400;\">Sa\u00e7\u0131n beyaz oran\u0131na<\/span><\/li>\n<li style=\"font-weight: 400;\" aria-level=\"1\"><span style=\"font-weight: 400;\">Sa\u00e7\u0131n mevcut durumuna ( kimyasal boyal\u0131, k\u0131nal\u0131 veya boyas\u0131z do\u011fal )<\/span><\/li>\n<li style=\"font-weight: 400;\" aria-level=\"1\"><span style=\"font-weight: 400;\">Sa\u00e7\u0131n kimyasal ve genetik durumuna (boyay\u0131 tutma-absorbe etme kabiliyetine) ba\u011fl\u0131 olarak her sa\u00e7ta farkl\u0131 renkte g\u00f6r\u00fcn\u00fcr.<\/span><\/li>\n<\/ol>\n<p><b>A\u00c7IKLAMA\u00a0<\/b><\/p>\n<ul>\n<li style=\"font-weight: 400;\" aria-level=\"1\"><span style=\"font-weight: 400;\">Bitki tozlar\u0131 sa\u00e7\u0131 nas\u0131l boyar? Bitkilerin \u00f6z\u00fcnde kendine has olarak bulunan pigmentler, sa\u00e7\u0131m\u0131z\u0131n keratini ile uyumludur ve do\u011fal bir \u015fekilde birbirine tutunurlar. Bu tutunma sayesinde pigmentler sa\u00e7 telini koruyucu bir tabaka gibi sararak sa\u00e7a renk verir.<\/span><\/li>\n<li style=\"font-weight: 400;\" aria-level=\"1\"><span style=\"font-weight: 400;\">Her pakette farkl\u0131 bitki tozu vard\u0131r. K\u0131na, indigo, amla, cassia d\u0131r. \u0130stenen renk i\u00e7in her tozdan belli miktarda kullanarak kar\u0131\u015f\u0131m yapabilirsiniz. Bu \u015fekilde sa\u00e7\u0131n\u0131z i\u00e7in \u00e7ok alternatifli renk kombinasyonlar\u0131 elde edebilirsiniz. ( D\u00f6rt tozu tek tek ayr\u0131 sat\u0131n ald\u0131\u011f\u0131n\u0131zda mail adresinize otomatik olarak haz\u0131rl\u0131\u011f\u0131 ile ilgili genel bilgilendirme d\u00f6k\u00fcman\u0131 g\u00f6nderilmektedir.)<\/span><\/li>\n<li style=\"font-weight: 400;\" aria-level=\"1\"><span style=\"font-weight: 400;\">Ya da kendiniz deneme yan\u0131lma ilerlemek yerine Ayurvedik Sa\u00e7 Boyas\u0131 ad\u0131yla haz\u0131r renk kitleri mevcuttur.\u00a0 D\u00f6rt tozun oranlanm\u0131\u015f tart\u0131lm\u0131\u015f haz\u0131r renkleridir. <\/span><span style=\"font-weight: 400;\">Essence Natural Hayat Ayurvedik Sa\u00e7 Boyas\u0131<\/span><span style=\"font-weight: 400;\"> sar\u0131dan siyaha17 renk numaras\u0131na sahiptir.( alt\u0131 \u00e7izili k\u0131s\u0131m haz\u0131r kitlere y\u00f6nlendirilecek t\u0131klamal\u0131)<\/span><\/li>\n<li style=\"font-weight: 400;\" aria-level=\"1\"><span style=\"font-weight: 400;\">Renk se\u00e7iminde do\u011fal renginiz, beyaz miktar\u0131n\u0131z ve sa\u00e7\u0131n\u0131z\u0131n mevcut durumu ( boyal\u0131-boyas\u0131z olmas\u0131 ) \u00f6nemlidir. Bu \u00f6zelliklerinizi ana sayfada bulunan AKILLI uygulamada giri\u015f yapt\u0131\u011f\u0131n\u0131zda, size \u00f6zel do\u011fru oran\u0131 i\u00e7eren renk numaras\u0131na ula\u015fabilirsiniz.\u00a0<\/span><\/li>\n<li style=\"font-weight: 400;\" aria-level=\"1\"><span style=\"font-weight: 400;\">Bitki tozlar\u0131yla boyama, denemelerle ilerledi\u011finiz bir yolculuktur. Bu yolculukta istedi\u011finiz rengi haz\u0131r kitlerle yakalamak i\u00e7in 0 850 532 64 88 den destek alabilir veya dm \u00fczerinden yazabilirsiniz. Bu yolculukta size yol arkada\u015fl\u0131\u011f\u0131 &amp; rehberlik yapmaktan mutluluk duyar\u0131z.<\/span><\/li>\n<\/ul>\n<p><b>KULLANIM \u015eEKL\u0130<\/b><span style=\"font-weight: 400;\">\u00a0<\/span><\/p>\n<p><span style=\"font-weight: 400;\">K\u0131nay\u0131 2-3 yemek ka\u015f\u0131\u011f\u0131 sirke ve az miktar su ( veya papatya cay\u0131, pancar suyu) ile kar\u0131\u015ft\u0131r\u0131n\u0131z. Kar\u0131\u015f\u0131m\u0131 8-12 saat aras\u0131 oda s\u0131cakl\u0131\u011f\u0131nda bekletiniz. S\u00fcre sonunda iste\u011fe ba\u011fl\u0131 1 yemek ka\u015f\u0131\u011f\u0131 zeytinya\u011f\u0131 ilave ederek sa\u00e7\u0131n\u0131za s\u00fcr\u00fcn\u00fcz (Ak\u0131\u015fkan kek hamuru k\u0131vam\u0131nda olmal\u0131d\u0131r). Naylon stre\u00e7le sar\u0131l\u0131 olarak hava almayacak \u015fekilde sa\u00e7ta en az 4 saat bekletiniz. Sa\u00e7\u0131n\u0131z\u0131 \u015fampuans\u0131z y\u0131kay\u0131n\u0131z. Elde etmek istedi\u011finiz renk i\u00e7in toz k\u0131nay\u0131 farkl\u0131 oranlarda indigo, cassia obovata ve amla tozlar\u0131 ile kar\u0131\u015ft\u0131rarak sa\u00e7\u0131n\u0131z\u0131 boyayabilirsiniz.<\/span><\/p>\n<p><b>TAVS\u0130YE ED\u0130LEN KULLANIM M\u0130KTARI<\/b><\/p>\n<ul>\n<li style=\"font-weight: 400;\" aria-level=\"1\"><span style=\"font-weight: 400;\">Dip boyama i\u00e7in toplam 50 gr. bitki tozu gereklidir.<\/span><\/li>\n<li style=\"font-weight: 400;\" aria-level=\"1\"><span style=\"font-weight: 400;\">Omuz \u00fcst\u00fc uzunluktaki sa\u00e7lar i\u00e7in toplam 100 gr. bitki tozu gereklidir.<\/span><\/li>\n<li style=\"font-weight: 400;\" aria-level=\"1\"><span style=\"font-weight: 400;\">Omuz alt\u0131nda uzunluktaki sa\u00e7lar i\u00e7in toplam 200 gr. bitki tozu gereklidir.<\/span><\/li>\n<li style=\"font-weight: 400;\" aria-level=\"1\"><span style=\"font-weight: 400;\">Uzun sa\u00e7lar i\u00e7in toplam 300 gr. bitki tozu gereklidir.<\/span><\/li>\n<\/ul>\n<p><b>UYARILAR<\/b><\/p>\n<ul>\n<li style=\"list-style-type: none;\">\n<ul>\n<li style=\"font-weight: 400;\" aria-level=\"1\"><span style=\"font-weight: 400;\">Bitki tozlar\u0131n\u0131 kullanmadan \u00f6nce alerji testi i\u00e7in kol i\u00e7i veya ensede yama testi yap\u0131n\u0131z.<\/span><\/li>\n<li style=\"font-weight: 400;\" aria-level=\"1\"><span style=\"font-weight: 400;\">\u00a0( @essencenaturalhayat hesab\u0131nda hikayelere sabitli ALERJ\u0130 klas\u00f6r\u00fc i\u00e7inde yama testi nas\u0131l yap\u0131l\u0131r ba\u015fl\u0131kl\u0131 post mevcuttur.)<\/span><\/li>\n<li style=\"font-weight: 400;\" aria-level=\"1\"><span style=\"font-weight: 400;\">\u00c7ocuklar\u0131n ula\u015famayaca\u011f\u0131, serin, kuru, g\u00fcne\u015f g\u00f6rmeyen yerde saklay\u0131n\u0131z.<\/span><\/li>\n<li style=\"font-weight: 400;\" aria-level=\"1\"><span style=\"font-weight: 400;\">G\u00f6ze temas etmemesine dikkat ediniz.<\/span><\/li>\n<\/ul>\n<\/li>\n<\/ul>\n","protected":false},"excerpt":{"rendered":"<ul>\n<li>Latince ad\u0131 Lawsonia inermis olan a\u011fa\u00e7\u00e7\u0131\u011f\u0131n, kurutulmu\u015f yapraklar\u0131n\u0131n toz halini i\u00e7erir.<\/li>\n<li>Usda, onecert organik sertifikal\u0131 KINA , %100 do\u011fal, saf toz haliyle bulunur.<\/li>\n<li>Paket i\u00e7inde herhangi bir koruyucu madde, amonyak, metalik tuz, renk verici kimyasal madde, PPD vs. bulunmamaktad\u0131r.<\/li>\n<li>\u0130\u00e7erik: Lawsonia inermis leaf powder<\/li>\n<\/ul>\n<p><img decoding=\"async\" class=\"alignleft size-full wp-image-284\" src=\"https:\/\/www.essencenaturalhayat.com.tr\/wp-content\/uploads\/2018\/11\/urun-detay.jpg\" alt=\"\" width=\"481\" height=\"100\" srcset=\"https:\/\/fwyazilim.com.tr\/esse\/wp-content\/uploads\/2018\/11\/urun-detay.jpg 481w, https:\/\/fwyazilim.com.tr\/esse\/wp-content\/uploads\/2018\/11\/urun-detay-300x62.jpg 300w\" sizes=\"(max-width: 481px) 100vw, 481px\" \/><\/p>\n","protected":false},"featured_media":5772,"template":"","meta":[],"product_brand":[],"product_cat":[16],"product_tag":[17,18,19],"class_list":{"0":"post-395","1":"product","2":"type-product","3":"status-publish","4":"has-post-thumbnail","6":"product_cat-bitki-tozlari-ile-sac-boyama","7":"product_tag-bitki-tozlari-ile-sac-boyama","8":"product_tag-kina","9":"product_tag-sac-boyasi","11":"first","12":"instock","13":"featured","14":"shipping-taxable","15":"purchasable","16":"product-type-simple"},"jetpack_sharing_enabled":true,"_links":{"self":[{"href":"https:\/\/fwyazilim.com.tr\/esse\/wp-json\/wp\/v2\/product\/395","targetHints":{"allow":["GET"]}}],"collection":[{"href":"https:\/\/fwyazilim.com.tr\/esse\/wp-json\/wp\/v2\/product"}],"about":[{"href":"https:\/\/fwyazilim.com.tr\/esse\/wp-json\/wp\/v2\/types\/product"}],"wp:featuredmedia":[{"embeddable":true,"href":"https:\/\/fwyazilim.com.tr\/esse\/wp-json\/wp\/v2\/media\/5772"}],"wp:attachment":[{"href":"https:\/\/fwyazilim.com.tr\/esse\/wp-json\/wp\/v2\/media?parent=395"}],"wp:term":[{"taxonomy":"product_brand","embeddable":true,"href":"https:\/\/fwyazilim.com.tr\/esse\/wp-json\/wp\/v2\/product_brand?post=395"},{"taxonomy":"product_cat","embeddable":true,"href":"https:\/\/fwyazilim.com.tr\/esse\/wp-json\/wp\/v2\/product_cat?post=395"},{"taxonomy":"product_tag","embeddable":true,"href":"https:\/\/fwyazilim.com.tr\/esse\/wp-json\/wp\/v2\/product_tag?post=395"}],"curies":[{"name":"wp","href":"https:\/\/api.w.org\/{rel}","templated":true}]}}